{"id":20,"date":"2017-04-12T19:41:20","date_gmt":"2017-04-12T19:41:20","guid":{"rendered":"https:\/\/ingridmarsoner.com\/?page_id=20\/"},"modified":"2025-07-28T08:31:53","modified_gmt":"2025-07-28T08:31:53","slug":"diskographie","status":"publish","type":"page","link":"https:\/\/ingridmarsoner.com\/de\/diskographie\/","title":{"rendered":"Diskographie"},"content":{"rendered":"\n<h4 class=\"wp-block-heading\">\u201eDas Medium, durch das Mozart selbst in absoluter Klarheit zu sprechen scheint &#8230; Ein Mozart, der lange, sehr lange nachklingen wird.&#8220;<br><strong>Klassik heute<\/strong><\/h4>\n\n\n\n<h1 class=\"wp-block-heading\">Diskographie von Ingrid Marsoner<\/h1>\n\n\n\n<h2 class=\"wp-block-heading\">Ingrid Marsoner Diskographie &#8211; Nominierung ICMA 2025 f\u00fcr die neue Schubert-CD!<\/h2>\n\n\n\n<figure class=\"wp-block-image size-full\"><img loading=\"lazy\" decoding=\"async\" width=\"1649\" height=\"1480\" src=\"https:\/\/ingridmarsoner.com\/wp-content\/uploads\/2024\/11\/Ingrid-Marsoner-CD-Franz-Schubert-ICMA-Nominierung-2025.jpg\" alt=\"das Cover von Ingrid-Marsoners CD mit Sp\u00e4twerken von Franz Schubert mit ICMA-Nominierung 2025\" class=\"wp-image-3054\" srcset=\"https:\/\/ingridmarsoner.com\/wp-content\/uploads\/2024\/11\/Ingrid-Marsoner-CD-Franz-Schubert-ICMA-Nominierung-2025.jpg 1649w, https:\/\/ingridmarsoner.com\/wp-content\/uploads\/2024\/11\/Ingrid-Marsoner-CD-Franz-Schubert-ICMA-Nominierung-2025-768x689.jpg 768w, https:\/\/ingridmarsoner.com\/wp-content\/uploads\/2024\/11\/Ingrid-Marsoner-CD-Franz-Schubert-ICMA-Nominierung-2025-1536x1379.jpg 1536w, https:\/\/ingridmarsoner.com\/wp-content\/uploads\/2024\/11\/Ingrid-Marsoner-CD-Franz-Schubert-ICMA-Nominierung-2025-84x75.jpg 84w, https:\/\/ingridmarsoner.com\/wp-content\/uploads\/2024\/11\/Ingrid-Marsoner-CD-Franz-Schubert-ICMA-Nominierung-2025-360x323.jpg 360w\" sizes=\"auto, (max-width:767px) 360px, (max-width:1649px) 100vw, 1649px\" \/><figcaption class=\"wp-element-caption\"> <\/figcaption><\/figure>\n\n\n\n<h3 class=\"wp-block-heading\"><strong>Franz Schubert<\/strong><br>Impromptus D 899 . Klavierst\u00fccke D 946<\/h3>\n\n\n\n<h3 class=\"wp-block-heading\"> &nbsp;&nbsp;&nbsp;<\/h3>\n\n\n\n<figure class=\"wp-block-image\"><a href=\"https:\/\/www.gramola.at\/products\/9003643993051\"><img loading=\"lazy\" decoding=\"async\" width=\"171\" height=\"70\" src=\"https:\/\/ingridmarsoner.com\/wp-content\/uploads\/2023\/02\/gramola-rot-rund.png\" alt=\"\" class=\"wp-image-2665\" srcset=\"https:\/\/ingridmarsoner.com\/wp-content\/uploads\/2023\/02\/gramola-rot-rund.png 171w, https:\/\/ingridmarsoner.com\/wp-content\/uploads\/2023\/02\/gramola-rot-rund-50x20.png 50w, https:\/\/ingridmarsoner.com\/wp-content\/uploads\/2023\/02\/gramola-rot-rund-150x61.png 150w\" sizes=\"auto, (max-width:767px) 171px, 171px\" \/><\/a><\/figure>\n\n\n\n<figure class=\"wp-block-image\"><a href=\"https:\/\/www.amazon.de\/Franz-Schubert-Klavierwerke-Ingrid-Marsoner\/dp\/B0CL1DQ3J2?source=ps-sl-shoppingads-lpcontext&amp;ref_=fplfs&amp;psc=1&amp;smid=A3JWKAKR8XB7XF&amp;language=de_DE\u00a0\u00a0\"><img loading=\"lazy\" decoding=\"async\" width=\"70\" height=\"70\" src=\"https:\/\/ingridmarsoner.com\/wp-content\/uploads\/2023\/02\/amazon-Logo-gelb-rund.png\" alt=\"\" class=\"wp-image-2539\" srcset=\"https:\/\/ingridmarsoner.com\/wp-content\/uploads\/2023\/02\/amazon-Logo-gelb-rund.png 70w, https:\/\/ingridmarsoner.com\/wp-content\/uploads\/2023\/02\/amazon-Logo-gelb-rund-50x50.png 50w\" sizes=\"auto, (max-width:767px) 70px, 70px\" \/><\/a><\/figure>\n\n\n\n<p><a href=\"https:\/\/www.amazon.de\/Klaviersonaten-op-78-101-Ingrid-Marsoner\/dp\/B018HH38Y2\">&nbsp;&nbsp;<\/a><\/p>\n\n\n\n<figure class=\"wp-block-audio\"><audio controls src=\"https:\/\/ingridmarsoner.com\/wp-content\/uploads\/2023\/11\/03-Impromptu-D-899-3-Andante.mp3\"><\/audio><\/figure>\n\n\n\n<figure class=\"wp-block-audio\"><audio controls src=\"https:\/\/ingridmarsoner.com\/wp-content\/uploads\/2023\/11\/05-Klavierstueck-D-946-1-Allegro-assai.mp3\"><\/audio><\/figure>\n\n\n\n<p>\u201eHervorragender Schubert mit Ingrid Marsoner: Ingrid Marsoner spielt Schuberts Impromptus mit bl\u00fchendem Lyrismus, fl\u00fcssig und klar, angenehm Zartheit und brillantere Passagen kontrastierend. So kommt die Gef\u00fchlstiefe dieser St\u00fccke, von Poesie und Sehnsucht bis zu Trauer und Schmerz in einem Spiel von gro\u00dfer Sch\u00f6nheit zum Ausdruck. (&#8230;)&#8220;<\/p>\n\n\n\n<p><strong><a href=\"https:\/\/www.pizzicato.lu\/hervorragender-schubert-mit-ingrid-marsoner\/https:\/\/www.pizzicato.lu\/hervorragender-schubert-mit-ingrid-marsoner\/\">Remy Franck, Pizzicato <\/a>&nbsp;<\/strong><\/p>\n\n\n\n<p>\u201eMit einer unglaublichen Intensit\u00e4t begegnet die \u00f6sterreichische Pianistin Ingrid Marsoner dieser Tiefe in Franz Schuberts Klavierwerke (&#8230;)&#8220;<\/p>\n\n\n\n<p><a href=\"https:\/\/oe1.orf.at\/programm\/20240207\/749459\/Ingrid-Marsoner-spielt-Schubert\"><strong>ORF \u00d61<\/strong><\/a><\/p>\n\n\n\n<p>\u201eMit dieser Aufnahme gelingt Ingrid Marsoner eine wertvolle Erg\u00e4nzung der Schubert-Diskografie (&#8230;)&#8220;<\/p>\n\n\n\n<p><strong><a href=\"https:\/\/radioklassik.at\/programm\/sendeformate\/thema\/schuberts-spaete-klavierstuecke\/\">Ursula Magnes, Radio Klassik Stephansdom<\/a><\/strong><\/p>\n\n\n\n<p><a href=\"https:\/\/ingridmarsoner.com\/presse\">Mehr Kritiken<\/a><\/p>\n\n\n\n<p><\/p>\n\n\n\n<h2 class=\"wp-block-heading\">Beethoven-sp\u00e4te Sonaten . Klaviersonaten von Mozart . Klavierkonzerte von Hummel und Beethoven<\/h2>\n\n\n\n<p><\/p>\n\n\n\n<hr class=\"wp-block-separator has-alpha-channel-opacity\"\/>\n\n\n\n<figure class=\"wp-block-image size-full\"><img loading=\"lazy\" decoding=\"async\" width=\"395\" height=\"343\" src=\"https:\/\/ingridmarsoner.com\/wp-content\/uploads\/2023\/02\/Ingrid-Marsoner-Beethoven-Sonaten-Op.111-Op.101-Op.78-Gramola.png\" alt=\"\" class=\"wp-image-2551\" srcset=\"https:\/\/ingridmarsoner.com\/wp-content\/uploads\/2023\/02\/Ingrid-Marsoner-Beethoven-Sonaten-Op.111-Op.101-Op.78-Gramola.png 395w, https:\/\/ingridmarsoner.com\/wp-content\/uploads\/2023\/02\/Ingrid-Marsoner-Beethoven-Sonaten-Op.111-Op.101-Op.78-Gramola-168x146.png 168w, https:\/\/ingridmarsoner.com\/wp-content\/uploads\/2023\/02\/Ingrid-Marsoner-Beethoven-Sonaten-Op.111-Op.101-Op.78-Gramola-50x43.png 50w, https:\/\/ingridmarsoner.com\/wp-content\/uploads\/2023\/02\/Ingrid-Marsoner-Beethoven-Sonaten-Op.111-Op.101-Op.78-Gramola-86x75.png 86w\" sizes=\"auto, (max-width:767px) 360px, 395px\" \/><\/figure>\n\n\n\n<h2 class=\"wp-block-heading\"><strong>Ludwig van Beethoven<\/strong><br>Klaviersonaten op. 101 . 78 . 111<\/h2>\n\n\n\n<p><strong><a href=\"https:\/\/www.pizzicato.lu\/musikalischer-lichtblick-in-sachen-beethoven\/\">Pizzicato SuperSonic Award<\/a><\/strong><br><br><a href=\"https:\/\/www.gramola.at\/products\/9003643991118\"><\/a> \u00a0 \u00a0\u00a0 <a href=\"https:\/\/www.amazon.de\/Klaviersonaten-op-78-101-Ingrid-Marsoner\/dp\/B018HH38Y2\"><\/a><\/p>\n\n\n\n<figure class=\"wp-block-audio\"><audio controls src=\"https:\/\/ingridmarsoner.com\/wp-content\/uploads\/2023\/02\/Beethoven-op.111.-Maestoso-Probehoeren.mp3\"><\/audio><\/figure>\n\n\n\n<figure class=\"wp-block-audio\"><audio controls src=\"https:\/\/ingridmarsoner.com\/wp-content\/uploads\/2017\/05\/Beethoven-Sonata-in-F-sharp-major-Op-78-1-Allegro-ma-non-troppo-Ingrid-Marsoner-piano-.mp3\"><\/audio><\/figure>\n\n\n\n<p>\u201eIn Sachen Beethoven-Klaviersonaten haben wir Schnabel, Buchbinder und Barenboim, Gulda, Brendel &#8230; trotzdem kommen wir nicht umhin, die drei Sonaten op. 78, 101 &amp; 111 in der Interpretation durch Ingrid Marsoner auf die gleiche Stufe zu stellen (&#8230;)&#8220;  <strong>Pizzicato (SuperSonic Award)<\/strong><\/p>\n\n\n\n<p><br><br>\u201eIn ihrem Spiel ist diesselbe emotionale Tiefe, wie man sie auch in den genannten Granden der Vergangenheit findet &#8230; Marsoner bietet den \u00fcberzeugenden Interpretationsansatz f\u00fcr das 21. Jh., ohne Beethovens Musik unn\u00f6tig und fehlgeleitet zu karikieren.&#8220;<br><strong>Naxos Newsletter<\/strong><\/p>\n\n\n\n<p>&#8212;-<\/p>\n\n\n\n<figure class=\"wp-block-image size-full\"><img loading=\"lazy\" decoding=\"async\" width=\"401\" height=\"354\" src=\"https:\/\/ingridmarsoner.com\/wp-content\/uploads\/2024\/04\/Thomas-Roesner-Ingrid-Marsoner-Piano-Concertos-Beethoven-Gramola.jpg\" alt=\"\" class=\"wp-image-2905\" srcset=\"https:\/\/ingridmarsoner.com\/wp-content\/uploads\/2024\/04\/Thomas-Roesner-Ingrid-Marsoner-Piano-Concertos-Beethoven-Gramola.jpg 401w, https:\/\/ingridmarsoner.com\/wp-content\/uploads\/2024\/04\/Thomas-Roesner-Ingrid-Marsoner-Piano-Concertos-Beethoven-Gramola-85x75.jpg 85w\" sizes=\"auto, (max-width:767px) 360px, 401px\" \/><\/figure>\n\n\n\n<h2 class=\"wp-block-heading\"><strong>Hummel | Beethoven &#8211; <\/strong>Klavierkonzerte<\/h2>\n\n\n\n<p><strong>Thomas R\u00f6sner . Sinfonie Orchester Biel<\/strong><\/p>\n\n\n\n<figure class=\"wp-block-image\"><a href=\"https:\/\/www.gramola.at\/products\/9003643989689\"><img loading=\"lazy\" decoding=\"async\" width=\"171\" height=\"70\" src=\"https:\/\/ingridmarsoner.com\/wp-content\/uploads\/2023\/02\/gramola-gelblich-rund.png\" alt=\"\" class=\"wp-image-2537\" srcset=\"https:\/\/ingridmarsoner.com\/wp-content\/uploads\/2023\/02\/gramola-gelblich-rund.png 171w, https:\/\/ingridmarsoner.com\/wp-content\/uploads\/2023\/02\/gramola-gelblich-rund-50x20.png 50w, https:\/\/ingridmarsoner.com\/wp-content\/uploads\/2023\/02\/gramola-gelblich-rund-150x61.png 150w\" sizes=\"auto, (max-width:767px) 171px, 171px\" \/><\/a><\/figure>\n\n\n\n<figure class=\"wp-block-image\"><img loading=\"lazy\" decoding=\"async\" width=\"70\" height=\"70\" src=\"https:\/\/ingridmarsoner.com\/wp-content\/uploads\/2023\/02\/amazon-Logo-gelb-rund.png\" alt=\"\" class=\"wp-image-2539\" srcset=\"https:\/\/ingridmarsoner.com\/wp-content\/uploads\/2023\/02\/amazon-Logo-gelb-rund.png 70w, https:\/\/ingridmarsoner.com\/wp-content\/uploads\/2023\/02\/amazon-Logo-gelb-rund-50x50.png 50w\" sizes=\"auto, (max-width:767px) 70px, 70px\" \/><\/figure>\n\n\n\n<figure class=\"wp-block-image\"><a href=\"https:\/\/open.spotify.com\/album\/08bCdI7O7lV8VD0yJhjj4S\"><img loading=\"lazy\" decoding=\"async\" width=\"70\" height=\"70\" src=\"https:\/\/ingridmarsoner.com\/wp-content\/uploads\/2023\/02\/Spotify-2.png\" alt=\"\" class=\"wp-image-2531\" srcset=\"https:\/\/ingridmarsoner.com\/wp-content\/uploads\/2023\/02\/Spotify-2.png 70w, https:\/\/ingridmarsoner.com\/wp-content\/uploads\/2023\/02\/Spotify-2-50x50.png 50w\" sizes=\"auto, (max-width:767px) 70px, 70px\" \/><\/a><\/figure>\n\n\n\n<p>&nbsp;&nbsp;&nbsp; <a href=\"https:\/\/www.amazon.de\/Hummel-Klavierkonzert-Moll-Beethoven-Dur\/dp\/B006FVM1WS\">&nbsp;&nbsp;&nbsp;&nbsp;<\/a><br><\/p>\n\n\n\n<figure class=\"wp-block-audio\"><audio controls src=\"https:\/\/ingridmarsoner.com\/wp-content\/uploads\/2017\/04\/Hummel-Piano-Concerto-A-minor-op-85-III_1-min.mp3\"><\/audio><\/figure>\n\n\n\n<figure class=\"wp-block-audio\"><audio controls src=\"https:\/\/ingridmarsoner.com\/wp-content\/uploads\/2017\/04\/Beethoven-Piano-Concerto-C-major-op-15-III_1-min.mp3\"><\/audio><\/figure>\n\n\n\n<p>\u201eWirklich beseelte, knackig frische und atmende Interpretation des C-Dur-Konzerts von Beethoven, das mich in seiner Dialogkultur, seinen Spannungsverl\u00e4ufen und in seinen straffen Tempi an Glenn Goulds legend\u00e4re Referenz von 1958 erinnert.&#8220;<\/p>\n\n\n\n<p><strong>Crescendo Magazine (CD unter den Highlights)<\/strong><\/p>\n\n\n\n<p><br><br>\u201eGek\u00fcnstelte Manieren oder virtuose Selbstgef\u00e4lligkeit sind Ingrid Marsoner fremd. Sie spielt mit sicherer Geste und klar in der motivischen Formulierung, wenn geboten, auch mit feuriger Brillianz. Immer \u00fcberzeugen die Sch\u00f6nheit der Tongebung, die Subtilit\u00e4t der Phrasierungen, sowie die Sorgfalt der Diktion.&#8220;<\/p>\n\n\n\n<p><br><strong>Das Orchester<\/strong><\/p>\n\n\n\n<figure class=\"wp-block-image size-full\"><img loading=\"lazy\" decoding=\"async\" width=\"1432\" height=\"1420\" src=\"https:\/\/ingridmarsoner.com\/wp-content\/uploads\/2024\/11\/CD-Goldberg-Variationen-Ingrid-Marsoner-Neuauflage.jpg\" alt=\"\" class=\"wp-image-3040\" srcset=\"https:\/\/ingridmarsoner.com\/wp-content\/uploads\/2024\/11\/CD-Goldberg-Variationen-Ingrid-Marsoner-Neuauflage.jpg 1432w, https:\/\/ingridmarsoner.com\/wp-content\/uploads\/2024\/11\/CD-Goldberg-Variationen-Ingrid-Marsoner-Neuauflage-768x762.jpg 768w, https:\/\/ingridmarsoner.com\/wp-content\/uploads\/2024\/11\/CD-Goldberg-Variationen-Ingrid-Marsoner-Neuauflage-150x150.jpg 150w, https:\/\/ingridmarsoner.com\/wp-content\/uploads\/2024\/11\/CD-Goldberg-Variationen-Ingrid-Marsoner-Neuauflage-76x75.jpg 76w, https:\/\/ingridmarsoner.com\/wp-content\/uploads\/2024\/11\/CD-Goldberg-Variationen-Ingrid-Marsoner-Neuauflage-360x357.jpg 360w\" sizes=\"auto, (max-width:767px) 360px, (max-width:1432px) 100vw, 1432px\" \/><\/figure>\n\n\n\n<h2 class=\"wp-block-heading\"><strong>Johann Sebastian Bach<\/strong><br>Goldberg &#8211; Variationen BWV 988 &#8211; Re-Release!<\/h2>\n\n\n\n<h3 class=\"wp-block-heading\"><a href=\"https:\/\/www.naxos.com\/CatalogueDetail\/?id=Gramola98846\"><\/a> &nbsp;&nbsp; &nbsp;<a href=\"https:\/\/www.amazon.de\/Klaviersonaten-11-Fantasia-Ingrid-Marsoner\/dp\/B00P1V9LIA\/ref=tmm_acd_swatch_0?_encoding=UTF8&amp;qid=&amp;sr=\"><\/a>&nbsp;&nbsp; &nbsp;&nbsp;<a href=\"https:\/\/open.spotify.com\/album\/4xKL8DtM8RmNm8T49m34Mu\"><\/a><br><\/h3>\n\n\n\n<figure class=\"wp-block-audio\"><audio controls src=\"https:\/\/ingridmarsoner.com\/wp-content\/uploads\/2017\/04\/Bach-Goldberg-Variations-BWV-988-Aria.mp3\"><\/audio><\/figure>\n\n\n\n<figure class=\"wp-block-audio\"><audio controls src=\"https:\/\/ingridmarsoner.com\/wp-content\/uploads\/2017\/04\/Bach-Goldberg-Variations-BWV-988-Var-I.mp3\"><\/audio><\/figure>\n\n\n\n<p>\u201eEine Leuchtkraft und eben auch &#8211; Emotionalit\u00e4t, die sich neben Gould in ein Paralleluniversum zu platzieren vermag. Hinrei\u00dfend, sch\u00f6n.&#8220;<\/p>\n\n\n\n<p><strong>Pl\u00e4rrer &#8211; N\u00fcrnberger Stadtmagazin<\/strong><\/p>\n\n\n\n<p>\u201eMarsoners Sicht auf Johann Sebastian Bachs Goldberg-Variationen ist spektakul\u00e4r: Aufgrund ihrer Klarheit, Definiertheit, ihrer poetischen Energie.\u201c<\/p>\n\n\n\n<p><strong>Tiroler Tageszeitung<\/strong><\/p>\n\n\n\n<figure class=\"wp-block-image size-full\"><img decoding=\"async\" src=\"https:\/\/ingridmarsoner.com\/wp-content\/uploads\/2017\/04\/Ingrid-Marsoner_Mozart-Album.png\" alt=\"\" class=\"wp-image-40\"\/><\/figure>\n\n\n\n<h2 class=\"wp-block-heading\"><strong>Wolfgang Amadeus Mozart<\/strong><br>Klaviersonaten . Fantasia<\/h2>\n\n\n\n<figure class=\"wp-block-image\"><a href=\"https:\/\/www.gramola.at\/products\/9003643990302\"><img loading=\"lazy\" decoding=\"async\" width=\"171\" height=\"70\" src=\"https:\/\/ingridmarsoner.com\/wp-content\/uploads\/2023\/02\/gramola-gelblich-rund.png\" alt=\"\" class=\"wp-image-2537\" srcset=\"https:\/\/ingridmarsoner.com\/wp-content\/uploads\/2023\/02\/gramola-gelblich-rund.png 171w, https:\/\/ingridmarsoner.com\/wp-content\/uploads\/2023\/02\/gramola-gelblich-rund-50x20.png 50w, https:\/\/ingridmarsoner.com\/wp-content\/uploads\/2023\/02\/gramola-gelblich-rund-150x61.png 150w\" sizes=\"auto, (max-width:767px) 171px, 171px\" \/><\/a><\/figure>\n\n\n\n<figure class=\"wp-block-image\"><a href=\"https:\/\/www.amazon.de\/Klaviersonaten-11-Fantasia-Ingrid-Marsoner\/dp\/B00P1V9LIA\/ref=tmm_acd_swatch_0?_encoding=UTF8&amp;qid=&amp;sr=\"><img loading=\"lazy\" decoding=\"async\" width=\"70\" height=\"70\" src=\"https:\/\/ingridmarsoner.com\/wp-content\/uploads\/2023\/02\/amazon-Logo-gelb-rund.png\" alt=\"\" class=\"wp-image-2539\" srcset=\"https:\/\/ingridmarsoner.com\/wp-content\/uploads\/2023\/02\/amazon-Logo-gelb-rund.png 70w, https:\/\/ingridmarsoner.com\/wp-content\/uploads\/2023\/02\/amazon-Logo-gelb-rund-50x50.png 50w\" sizes=\"auto, (max-width:767px) 70px, 70px\" \/><\/a><\/figure>\n\n\n\n<figure class=\"wp-block-image\"><a href=\"https:\/\/open.spotify.com\/album\/6z3XmM5xQgKOwUHtzjvcKh\"><img loading=\"lazy\" decoding=\"async\" width=\"70\" height=\"70\" src=\"https:\/\/ingridmarsoner.com\/wp-content\/uploads\/2023\/02\/Spotify-2.png\" alt=\"\" class=\"wp-image-2531\" srcset=\"https:\/\/ingridmarsoner.com\/wp-content\/uploads\/2023\/02\/Spotify-2.png 70w, https:\/\/ingridmarsoner.com\/wp-content\/uploads\/2023\/02\/Spotify-2-50x50.png 50w\" sizes=\"auto, (max-width:767px) 70px, 70px\" \/><\/a><\/figure>\n\n\n\n<figure class=\"wp-block-audio\"><audio controls src=\"https:\/\/ingridmarsoner.com\/wp-content\/uploads\/2017\/04\/Mozart-Sonata-in-C-minor-KV-457-3-Allegro-assai.mp3\"><\/audio><\/figure>\n\n\n\n<p><a href=\"https:\/\/www.gramola.at\/de\/shop\/produkte\/klaviermusik\/gramola\/ingrid+marsoner\/wolfgang+amadeus+mozart\/121456\/\" target=\"_blank\" rel=\"noreferrer noopener\">&nbsp;<\/a><\/p>\n\n\n\n<figure class=\"wp-block-audio\"><audio controls src=\"https:\/\/ingridmarsoner.com\/wp-content\/uploads\/2017\/04\/Mozart-Sonata-in-C-minor-KV-457-KV-457-1-Molto-allegro.mp3\"><\/audio><\/figure>\n\n\n\n<p>\u201eEine selten gute Mozart-Aufnahme&#8220;<\/p>\n\n\n\n<p><strong>Radio Klassik<\/strong><\/p>\n\n\n\n<p><br><br>\u201eTiefe musikalische Einsicht und ein au\u00dferordentliches Mozart-Verst\u00e4ndnis sprechen aus der geistvollen Kunst der Pianistin &#8230; Fazit: Ein Mozart, der lange, sehr lange nachklingen wird.&#8220;<\/p>\n\n\n\n<p><strong>Klassik Heute<\/strong><\/p>\n","protected":false},"excerpt":{"rendered":"<p>\u201eDas Medium, durch das Mozart selbst in absoluter Klarheit zu sprechen scheint &#8230; Ein Mozart, der lange, sehr lange nachklingen wird.&#8220;Klassik heute Diskographie von Ingrid Marsoner<span class=\"excerpt-hellip\"> [\u2026]<\/span><\/p>\n","protected":false},"author":1,"featured_media":0,"parent":0,"menu_order":0,"comment_status":"closed","ping_status":"closed","template":"","meta":{"footnotes":""},"class_list":["post-20","page","type-page","status-publish","hentry"],"_links":{"self":[{"href":"https:\/\/ingridmarsoner.com\/de\/wp-json\/wp\/v2\/pages\/20","targetHints":{"allow":["GET"]}}],"collection":[{"href":"https:\/\/ingridmarsoner.com\/de\/wp-json\/wp\/v2\/pages"}],"about":[{"href":"https:\/\/ingridmarsoner.com\/de\/wp-json\/wp\/v2\/types\/page"}],"author":[{"embeddable":true,"href":"https:\/\/ingridmarsoner.com\/de\/wp-json\/wp\/v2\/users\/1"}],"replies":[{"embeddable":true,"href":"https:\/\/ingridmarsoner.com\/de\/wp-json\/wp\/v2\/comments?post=20"}],"version-history":[{"count":1,"href":"https:\/\/ingridmarsoner.com\/de\/wp-json\/wp\/v2\/pages\/20\/revisions"}],"predecessor-version":[{"id":3288,"href":"https:\/\/ingridmarsoner.com\/de\/wp-json\/wp\/v2\/pages\/20\/revisions\/3288"}],"wp:attachment":[{"href":"https:\/\/ingridmarsoner.com\/de\/wp-json\/wp\/v2\/media?parent=20"}],"curies":[{"name":"wp","href":"https:\/\/api.w.org\/{rel}","templated":true}]}}