{"id":2332,"date":"2023-01-07T09:38:14","date_gmt":"2023-01-07T09:38:14","guid":{"rendered":"https:\/\/www.ingridmarsoner.com\/?page_id=2332"},"modified":"2026-04-02T10:01:22","modified_gmt":"2026-04-02T10:01:22","slug":"ingrid-marsoner","status":"publish","type":"page","link":"https:\/\/ingridmarsoner.com\/de\/","title":{"rendered":"Ingrid Marsoner"},"content":{"rendered":"\n<figure class=\"wp-block-image size-full\"><img loading=\"lazy\" decoding=\"async\" width=\"1535\" height=\"500\" src=\"https:\/\/ingridmarsoner.com\/wp-content\/uploads\/2024\/12\/Ingrid-Marsoner-CD-Franz-Schubert-ICMA-nomination-2025.jpg\" alt=\"\" class=\"wp-image-3069\" srcset=\"https:\/\/ingridmarsoner.com\/wp-content\/uploads\/2024\/12\/Ingrid-Marsoner-CD-Franz-Schubert-ICMA-nomination-2025.jpg 1535w, https:\/\/ingridmarsoner.com\/wp-content\/uploads\/2024\/12\/Ingrid-Marsoner-CD-Franz-Schubert-ICMA-nomination-2025-768x250.jpg 768w, https:\/\/ingridmarsoner.com\/wp-content\/uploads\/2024\/12\/Ingrid-Marsoner-CD-Franz-Schubert-ICMA-nomination-2025-150x49.jpg 150w, https:\/\/ingridmarsoner.com\/wp-content\/uploads\/2024\/12\/Ingrid-Marsoner-CD-Franz-Schubert-ICMA-nomination-2025-360x117.jpg 360w\" sizes=\"auto, (max-width:767px) 360px, (max-width:1535px) 100vw, 1535px\" \/><\/figure>\n\n\n\n<figure class=\"wp-block-image\"><a href=\"https:\/\/www.youtube.com\/@IngridMarsoner\"><img loading=\"lazy\" decoding=\"async\" width=\"70\" height=\"70\" src=\"https:\/\/ingridmarsoner.com\/wp-content\/uploads\/2023\/02\/Youtube-buttom-gold-rund-1.png\" alt=\"\" class=\"wp-image-2529\" srcset=\"https:\/\/ingridmarsoner.com\/wp-content\/uploads\/2023\/02\/Youtube-buttom-gold-rund-1.png 70w, https:\/\/ingridmarsoner.com\/wp-content\/uploads\/2023\/02\/Youtube-buttom-gold-rund-1-50x50.png 50w\" sizes=\"auto, (max-width:767px) 70px, 70px\" \/><\/a><\/figure>\n\n\n\n<figure class=\"wp-block-image\"><a href=\"https:\/\/open.spotify.com\/artist\/1ysaPTlJADG5rXE5rFVrlO\"><img loading=\"lazy\" decoding=\"async\" width=\"70\" height=\"70\" src=\"https:\/\/ingridmarsoner.com\/wp-content\/uploads\/2023\/02\/Spotify-2.png\" alt=\"\" class=\"wp-image-2531\" srcset=\"https:\/\/ingridmarsoner.com\/wp-content\/uploads\/2023\/02\/Spotify-2.png 70w, https:\/\/ingridmarsoner.com\/wp-content\/uploads\/2023\/02\/Spotify-2-50x50.png 50w\" sizes=\"auto, (max-width:767px) 70px, 70px\" \/><\/a><\/figure>\n\n\n<a class=\"button  button_size_2\" href=\"https:\/\/www.srf.ch\/audio\/concerto\/stueckwerk-ingrid-marsoner-spielt-schubert?id=12542393\"     target=\"_blank\"    title=\"\"><span class=\"button_label\"><strong>SRF - Sendung zum Nachh\u00f6ren<\/strong><\/span><\/a>\n\n\n\n\n<figure class=\"wp-block-audio\"><audio controls src=\"https:\/\/ingridmarsoner.com\/wp-content\/uploads\/2023\/11\/05-Klavierstueck-D-946-1-Allegro-assai.mp3\"><\/audio><\/figure>\n\n\n\n<figure class=\"wp-block-audio\"><audio controls src=\"https:\/\/ingridmarsoner.com\/wp-content\/uploads\/2023\/11\/03-Impromptu-D-899-3-Andante.mp3\"><\/audio><\/figure>\n\n\n\n<figure class=\"wp-block-image\"><a href=\"https:\/\/www.gramola.at\/products\/9003643993051\"><img loading=\"lazy\" decoding=\"async\" width=\"171\" height=\"70\" src=\"https:\/\/ingridmarsoner.com\/wp-content\/uploads\/2023\/02\/gramola-rot-rund.png\" alt=\"\" class=\"wp-image-2665\" srcset=\"https:\/\/ingridmarsoner.com\/wp-content\/uploads\/2023\/02\/gramola-rot-rund.png 171w, https:\/\/ingridmarsoner.com\/wp-content\/uploads\/2023\/02\/gramola-rot-rund-50x20.png 50w, https:\/\/ingridmarsoner.com\/wp-content\/uploads\/2023\/02\/gramola-rot-rund-150x61.png 150w\" sizes=\"auto, (max-width:767px) 171px, 171px\" \/><\/a><\/figure>\n\n\n\n<figure class=\"wp-block-image\"><a href=\"https:\/\/www.naxosdirekt.de\/items\/spate-klavierwerke-1212029\"><img loading=\"lazy\" decoding=\"async\" width=\"70\" height=\"70\" src=\"https:\/\/ingridmarsoner.com\/wp-content\/uploads\/2023\/02\/naxos-logo.png\" alt=\"\" class=\"wp-image-2578\" srcset=\"https:\/\/ingridmarsoner.com\/wp-content\/uploads\/2023\/02\/naxos-logo.png 70w, https:\/\/ingridmarsoner.com\/wp-content\/uploads\/2023\/02\/naxos-logo-50x50.png 50w\" sizes=\"auto, (max-width:767px) 70px, 70px\" \/><\/a><\/figure>\n\n\n\n<figure class=\"wp-block-image\"><img loading=\"lazy\" decoding=\"async\" width=\"70\" height=\"70\" src=\"https:\/\/ingridmarsoner.com\/wp-content\/uploads\/2023\/02\/amazon-Logo-gelb-rund.png\" alt=\"\" class=\"wp-image-2539\" srcset=\"https:\/\/ingridmarsoner.com\/wp-content\/uploads\/2023\/02\/amazon-Logo-gelb-rund.png 70w, https:\/\/ingridmarsoner.com\/wp-content\/uploads\/2023\/02\/amazon-Logo-gelb-rund-50x50.png 50w\" sizes=\"auto, (max-width:767px) 70px, 70px\" \/><\/figure>\n\n\n\n<p><a href=\"https:\/\/www.naxos.com\/CatalogueDetail\/?id=Gramola98846\">&nbsp;&nbsp;&nbsp; <\/a><a href=\"https:\/\/www.amazon.de\/Goldberg-Variationen-Ingrid-Marsoner\/dp\/B003LR0JNW\">&nbsp;&nbsp;&nbsp;&nbsp; <\/a><a href=\"https:\/\/www.amazon.de\/Franz-Schubert-Klavierwerke-Ingrid-Marsoner\/dp\/B0CL1DQ3J2\">&nbsp;&nbsp;&nbsp;<\/a><\/p>\n\n\n<hr class=\"\" style=\"margin:0 auto 30px;background-color:#e2cab7\"\/>\n\n\n\n\n<h2 class=\"wp-block-heading\"><strong>GOLDBERG-VARIATIONEN<\/strong><\/h2>\n\n\n\n<h2 class=\"wp-block-heading\"><strong>CD &#8211; Re-Release 2024<\/strong><\/h2>\n\n\n\n<p>Nach dem <strong>Ausverkauf der Erstauflage<\/strong> wieder erh\u00e4ltlich!<\/p>\n\n\n\n<p><strong>\u201eNeben Gould in einem Paralleluniversum\u201c<br><\/strong>Plaerrer &#8211; N\u00fcrnberger Stadtmagazin<\/p>\n\n\n\n<figure class=\"wp-block-image\"><img loading=\"lazy\" decoding=\"async\" width=\"1432\" height=\"1420\" src=\"https:\/\/ingridmarsoner.com\/wp-content\/uploads\/2024\/11\/CD-Goldberg-Variationen-Ingrid-Marsoner-Neuauflage.jpg\" alt=\"\" class=\"wp-image-3040\" srcset=\"https:\/\/ingridmarsoner.com\/wp-content\/uploads\/2024\/11\/CD-Goldberg-Variationen-Ingrid-Marsoner-Neuauflage.jpg 1432w, https:\/\/ingridmarsoner.com\/wp-content\/uploads\/2024\/11\/CD-Goldberg-Variationen-Ingrid-Marsoner-Neuauflage-768x762.jpg 768w, https:\/\/ingridmarsoner.com\/wp-content\/uploads\/2024\/11\/CD-Goldberg-Variationen-Ingrid-Marsoner-Neuauflage-150x150.jpg 150w, https:\/\/ingridmarsoner.com\/wp-content\/uploads\/2024\/11\/CD-Goldberg-Variationen-Ingrid-Marsoner-Neuauflage-76x75.jpg 76w, https:\/\/ingridmarsoner.com\/wp-content\/uploads\/2024\/11\/CD-Goldberg-Variationen-Ingrid-Marsoner-Neuauflage-360x357.jpg 360w\" sizes=\"auto, (max-width:767px) 360px, (max-width:1432px) 100vw, 1432px\" \/><\/figure>\n\n\n\n<p><strong>Ingrid Marsoners Interpretation der Goldberg-Variationen &#8211; und auf CD &#8211; Pressestimmen:<\/strong><\/p>\n\n\n\n<p>\u201eMarsoners Sicht auf Johann Sebastian Bachs Goldberg-Variationen ist spektakul\u00e4r: Aufgrund ihrer Klarheit, Definiertheit, ihrer poetischen Energie.\u201c<br><strong>Tiroler Tageszeitung<\/strong><\/p>\n\n\n\n<p>\u201eSo hinterlie\u00df die Art und Souver\u00e4nit\u00e4t ihres Spiels Verbl\u00fcffung und machte solchen Eindruck, dass nach dem Verklingen des letzten Tons eine lange Pause eintrat, die niemand zu unterbrechen wagte.\u201c<br><strong>Emder Zeitung<\/strong>&nbsp; (Musikalischer Sommer in Ostfriesland)<\/p>\n\n\n\n<p>\u201eDie \u00f6sterreichische Pianistin Ingrid Marsoner verbl\u00fcfft schlichtweg! Denn ihr Spiel, nicht nur pr\u00e4zise und \u201atrocken\u2018, erzeugt gerade mit solchen Klangmitteln und mit immenser Klarheit eine Leuchtkraft und eben auch Emotionalit\u00e4t, die sich neben Gould in ein Paralleluniversum zu platzieren vermag. Hinrei\u00dfend, sch\u00f6n.\u201c<br><strong>Plaerrer &#8211; N\u00fcrnberger Stadtmagazin<\/strong><\/p>\n\n\n<hr class=\"\" style=\"margin:0 auto 30px;background-color:#e2cab7\"\/>\n\n\n\n\n<p><strong>H\u00f6rbeispiele | Youtube:<\/strong><\/p>\n\n\n\n<figure class=\"wp-block-audio\"><audio controls src=\"https:\/\/ingridmarsoner.com\/wp-content\/uploads\/2017\/04\/Bach-Goldberg-Variations-BWV-988-Aria.mp3\"><\/audio><\/figure>\n\n\n\n<figure class=\"wp-block-audio\"><audio controls src=\"https:\/\/ingridmarsoner.com\/wp-content\/uploads\/2017\/04\/Bach-Goldberg-Variations-BWV-988-Var-I.mp3\"><\/audio><\/figure>\n\n\n<a class=\"button  button_size_2\" href=\"https:\/\/www.youtube.com\/watch?v=cV4WaPAP9G8\"     target=\"_blank\"    title=\"\"><span class=\"button_label\">Youtube - CD - Goldberg Variationen (Gramola)<\/span><\/a>\n\n\n\n\n<figure class=\"wp-block-image\"><a href=\"https:\/\/www.gramola.at\/products\/9003643988460\"><img loading=\"lazy\" decoding=\"async\" width=\"171\" height=\"70\" src=\"https:\/\/ingridmarsoner.com\/wp-content\/uploads\/2023\/02\/gramola-rot-rund.png\" alt=\"\" class=\"wp-image-2665\" srcset=\"https:\/\/ingridmarsoner.com\/wp-content\/uploads\/2023\/02\/gramola-rot-rund.png 171w, https:\/\/ingridmarsoner.com\/wp-content\/uploads\/2023\/02\/gramola-rot-rund-50x20.png 50w, https:\/\/ingridmarsoner.com\/wp-content\/uploads\/2023\/02\/gramola-rot-rund-150x61.png 150w\" sizes=\"auto, (max-width:767px) 171px, 171px\" \/><\/a><\/figure>\n\n\n\n<figure class=\"wp-block-image\"><img loading=\"lazy\" decoding=\"async\" width=\"70\" height=\"70\" src=\"https:\/\/ingridmarsoner.com\/wp-content\/uploads\/2023\/02\/naxos-logo.png\" alt=\"\" class=\"wp-image-2578\" srcset=\"https:\/\/ingridmarsoner.com\/wp-content\/uploads\/2023\/02\/naxos-logo.png 70w, https:\/\/ingridmarsoner.com\/wp-content\/uploads\/2023\/02\/naxos-logo-50x50.png 50w\" sizes=\"auto, (max-width:767px) 70px, 70px\" \/><\/figure>\n\n\n\n<figure class=\"wp-block-image\"><img loading=\"lazy\" decoding=\"async\" width=\"70\" height=\"70\" src=\"https:\/\/ingridmarsoner.com\/wp-content\/uploads\/2023\/02\/amazon-Logo-gelb-rund.png\" alt=\"\" class=\"wp-image-2539\" srcset=\"https:\/\/ingridmarsoner.com\/wp-content\/uploads\/2023\/02\/amazon-Logo-gelb-rund.png 70w, https:\/\/ingridmarsoner.com\/wp-content\/uploads\/2023\/02\/amazon-Logo-gelb-rund-50x50.png 50w\" sizes=\"auto, (max-width:767px) 70px, 70px\" \/><\/figure>\n\n\n\n<p><a href=\"https:\/\/www.naxos.com\/CatalogueDetail\/?id=Gramola98846\">&nbsp;&nbsp;&nbsp; <\/a><a href=\"https:\/\/www.amazon.de\/Goldberg-Variationen-Ingrid-Marsoner\/dp\/B003LR0JNW\">&nbsp;&nbsp;&nbsp;&nbsp;<\/a><\/p>\n\n\n<hr class=\"\" style=\"margin:0 auto 30px;background-color:#e2cab7\"\/>\n\n\n\n\n<h2 class=\"wp-block-heading\"><strong>BEETHOVEN &#8211; Sonaten op. 78 . 101 . 111<\/strong><\/h2>\n\n\n\n<h2 class=\"wp-block-heading\">Pizzicato Supersonic Award<\/h2>\n\n\n\n<p><strong>\u201eMitrei\u00dfend und lyrisch, narrativ und virtuos. Und doch so herrlich schlicht und einfach! Ein wirklicher Lichtblick!\u201c<br><\/strong>Pizzicato<\/p>\n\n\n\n<figure class=\"wp-block-image\"><img loading=\"lazy\" decoding=\"async\" width=\"395\" height=\"343\" src=\"https:\/\/ingridmarsoner.com\/wp-content\/uploads\/2023\/02\/Ingrid-Marsoner-Beethoven-Sonaten-Op.111-Op.101-Op.78-Gramola.png\" alt=\"\" class=\"wp-image-2551\" srcset=\"https:\/\/ingridmarsoner.com\/wp-content\/uploads\/2023\/02\/Ingrid-Marsoner-Beethoven-Sonaten-Op.111-Op.101-Op.78-Gramola.png 395w, https:\/\/ingridmarsoner.com\/wp-content\/uploads\/2023\/02\/Ingrid-Marsoner-Beethoven-Sonaten-Op.111-Op.101-Op.78-Gramola-168x146.png 168w, https:\/\/ingridmarsoner.com\/wp-content\/uploads\/2023\/02\/Ingrid-Marsoner-Beethoven-Sonaten-Op.111-Op.101-Op.78-Gramola-50x43.png 50w, https:\/\/ingridmarsoner.com\/wp-content\/uploads\/2023\/02\/Ingrid-Marsoner-Beethoven-Sonaten-Op.111-Op.101-Op.78-Gramola-86x75.png 86w\" sizes=\"auto, (max-width:767px) 360px, 395px\" \/><\/figure>\n\n\n\n<p><strong>Ingrid Marsoner in dieser Einspielung drei sp\u00e4ten Beethoven-Sonaten \u2013 op. 78, 101 und 111.&nbsp; <\/strong><strong>Die Aufnahme wurde mit dem <a href=\"https:\/\/www.pizzicato.lu\/musikalischer-lichtblick-in-sachen-beethoven\/\">Pizzicato Supersonic Award<\/a> ausgezeichnet.<\/strong><\/p>\n\n\n\n<p>\u201eIn Sachen Beethoven-Klaviersonaten haben wir Schnabel, Buchbinder und Barenboim, Gulda, Brendel &#8230; trotzdem kommen wir nicht umhin, die drei Sonaten op. 78, 101 &amp; 111 in der Interpretation durch Ingrid Marsoner auf die gleiche Stufe zu stellen (&#8230;) Eine Interpretation, die durch brillante Technik, sp\u00fcrbares Einf\u00fchlungsverm\u00f6gen und spielerische Leichtigkeit sofort f\u00fcr sich einnimmt.<strong><br>Pizzicato<\/strong><\/p>\n\n\n\n<p><br><br>\u201eIn ihrem Spiel ist diesselbe emotionale Tiefe, wie man sie auch in den genannten Granden der Vergangenheit findet (&#8230;). Marsoner bietet den \u00fcberzeugenden Interpretationsansatz f\u00fcr das 21. Jahrhundert.&#8220;<strong><br>Naxos Newsletter<\/strong><\/p>\n\n\n<hr class=\"\" style=\"margin:0 auto 30px;background-color:#e2cab7\"\/>\n\n\n\n\n<p><strong>H\u00f6rbeispiele<\/strong>:<\/p>\n\n\n\n<figure class=\"wp-block-audio\"><audio controls src=\"https:\/\/ingridmarsoner.com\/wp-content\/uploads\/2023\/02\/Beethoven-op.111.-Maestoso-Probehoeren.mp3\"><\/audio><\/figure>\n\n\n\n<figure class=\"wp-block-audio\"><audio controls src=\"https:\/\/ingridmarsoner.com\/wp-content\/uploads\/2017\/05\/Beethoven-Sonata-in-F-sharp-major-Op-78-1-Allegro-ma-non-troppo-Ingrid-Marsoner-piano-.mp3\"><\/audio><\/figure>\n\n\n\n<figure class=\"wp-block-image\"><a href=\"https:\/\/www.gramola.at\/products\/9003643991118\"><img loading=\"lazy\" decoding=\"async\" width=\"171\" height=\"70\" src=\"https:\/\/ingridmarsoner.com\/wp-content\/uploads\/2023\/02\/gramola-rot-rund.png\" alt=\"\" class=\"wp-image-2665\" srcset=\"https:\/\/ingridmarsoner.com\/wp-content\/uploads\/2023\/02\/gramola-rot-rund.png 171w, https:\/\/ingridmarsoner.com\/wp-content\/uploads\/2023\/02\/gramola-rot-rund-50x20.png 50w, https:\/\/ingridmarsoner.com\/wp-content\/uploads\/2023\/02\/gramola-rot-rund-150x61.png 150w\" sizes=\"auto, (max-width:767px) 171px, 171px\" \/><\/a><\/figure>\n\n\n\n<figure class=\"wp-block-image\"><a href=\"https:\/\/www.amazon.de\/Klaviersonaten-op-78-101-Ingrid-Marsoner\/dp\/B018HH38Y2\"><img loading=\"lazy\" decoding=\"async\" width=\"70\" height=\"70\" src=\"https:\/\/ingridmarsoner.com\/wp-content\/uploads\/2023\/02\/amazon-Logo-gelb-rund.png\" alt=\"\" class=\"wp-image-2539\" srcset=\"https:\/\/ingridmarsoner.com\/wp-content\/uploads\/2023\/02\/amazon-Logo-gelb-rund.png 70w, https:\/\/ingridmarsoner.com\/wp-content\/uploads\/2023\/02\/amazon-Logo-gelb-rund-50x50.png 50w\" sizes=\"auto, (max-width:767px) 70px, 70px\" \/><\/a><\/figure>\n\n\n\n<p><\/p>\n","protected":false},"excerpt":{"rendered":"<p>&nbsp;&nbsp;&nbsp; &nbsp;&nbsp;&nbsp;&nbsp; &nbsp;&nbsp;&nbsp; GOLDBERG-VARIATIONEN CD &#8211; Re-Release 2024 Nach dem Ausverkauf der Erstauflage wieder erh\u00e4ltlich! \u201eNeben Gould in einem Paralleluniversum\u201cPlaerrer &#8211; N\u00fcrnberger Stadtmagazin Ingrid Marsoners Interpretation<span class=\"excerpt-hellip\"> [\u2026]<\/span><\/p>\n","protected":false},"author":1,"featured_media":0,"parent":0,"menu_order":0,"comment_status":"closed","ping_status":"closed","template":"","meta":{"footnotes":""},"class_list":["post-2332","page","type-page","status-publish","hentry"],"_links":{"self":[{"href":"https:\/\/ingridmarsoner.com\/de\/wp-json\/wp\/v2\/pages\/2332","targetHints":{"allow":["GET"]}}],"collection":[{"href":"https:\/\/ingridmarsoner.com\/de\/wp-json\/wp\/v2\/pages"}],"about":[{"href":"https:\/\/ingridmarsoner.com\/de\/wp-json\/wp\/v2\/types\/page"}],"author":[{"embeddable":true,"href":"https:\/\/ingridmarsoner.com\/de\/wp-json\/wp\/v2\/users\/1"}],"replies":[{"embeddable":true,"href":"https:\/\/ingridmarsoner.com\/de\/wp-json\/wp\/v2\/comments?post=2332"}],"version-history":[{"count":1,"href":"https:\/\/ingridmarsoner.com\/de\/wp-json\/wp\/v2\/pages\/2332\/revisions"}],"predecessor-version":[{"id":3286,"href":"https:\/\/ingridmarsoner.com\/de\/wp-json\/wp\/v2\/pages\/2332\/revisions\/3286"}],"wp:attachment":[{"href":"https:\/\/ingridmarsoner.com\/de\/wp-json\/wp\/v2\/media?parent=2332"}],"curies":[{"name":"wp","href":"https:\/\/api.w.org\/{rel}","templated":true}]}}